{"id":928,"date":"2018-01-08T19:57:30","date_gmt":"2018-01-08T18:57:30","guid":{"rendered":"http:\/\/gs-ig-bayern-opf.de\/?page_id=928"},"modified":"2018-01-08T19:57:30","modified_gmt":"2018-01-08T18:57:30","slug":"treffen-2017","status":"publish","type":"page","link":"https:\/\/gs-ig-bayern-opf.de\/?page_id=928","title":{"rendered":"Treffen 2017"},"content":{"rendered":"<p><strong>24. GS Treffen vom 23.6. bis 25.6.2017<\/strong><\/p>\n<p><a href=\"https:\/\/gs-ig-bayern-opf.de\/wordpress\/wp-content\/uploads\/2018\/01\/Platzfoto.jpg\"><img decoding=\"async\" loading=\"lazy\" src=\"https:\/\/gs-ig-bayern-opf.de\/wordpress\/wp-content\/uploads\/2018\/01\/Platzfoto.jpg\" alt=\"\" width=\"800\" height=\"450\" class=\"aligncenter size-full wp-image-929\" srcset=\"https:\/\/gs-ig-bayern-opf.de\/wordpress\/wp-content\/uploads\/2018\/01\/Platzfoto.jpg 800w, https:\/\/gs-ig-bayern-opf.de\/wordpress\/wp-content\/uploads\/2018\/01\/Platzfoto-300x169.jpg 300w, https:\/\/gs-ig-bayern-opf.de\/wordpress\/wp-content\/uploads\/2018\/01\/Platzfoto-768x432.jpg 768w, https:\/\/gs-ig-bayern-opf.de\/wordpress\/wp-content\/uploads\/2018\/01\/Platzfoto-213x120.jpg 213w\" sizes=\"(max-width: 800px) 100vw, 800px\" \/><\/a><\/p>\n<p>Das nun schon zum 24. Mal stattfindende  GS \u2013 Treffen wurde  diesmal in Odenheim  abgehalten. Ausrichter waren die \u201eEinzelk\u00e4mpfer\u201c Gabi und Arnold Heck. Ort war das Motocrossgel\u00e4nde  des ans\u00e4ssigen MSC`s.<br \/>\nBei sch\u00f6nem Wetter fuhren wir Freitags los, und ohne Zwischenf\u00e4lle erreichten wir \u00fcber Landstra\u00dfe das Ziel. Abends wurde wie immer bis sp\u00e4t in die Nacht gefeiert, und auch einige \u201eVerlorene Utensilien\u201c wurden gegen Biergeld wieder an die Besitzer \u00fcbergeben.<\/p>\n<p>Samstags gab es dann einen Wettbewerb mit einem Hindernisparcour, ebenfalls eine sch\u00f6ne Ausfahrt in einem Weinberg mit selbstangelegter Sternwarte bei extrem hei\u00dfem Wetter. Abends dann Pokalverleihung, mit der Bekanntgabe des Veranstalters f\u00fcr 2018. Dies wird zum Jubil\u00e4umstreffen, das nun schon seit 25 Jahren stattfindet, die GS IG Nord in Drangstedt ausrichten.<\/p>\n<p>Sonntags ging es dann wieder bei ebenfalls super Wetter gen Heimat. Wir freuen uns schon auf n\u00e4chstes Jahr\u2026\u2026.<\/p>\n<p><a href=\"https:\/\/gs-ig-bayern-opf.de\/wordpress\/wp-content\/uploads\/2018\/01\/Hias-Denis.jpg\"><img decoding=\"async\" loading=\"lazy\" src=\"https:\/\/gs-ig-bayern-opf.de\/wordpress\/wp-content\/uploads\/2018\/01\/Hias-Denis.jpg\" alt=\"\" width=\"800\" height=\"450\" class=\"aligncenter size-full wp-image-930\" srcset=\"https:\/\/gs-ig-bayern-opf.de\/wordpress\/wp-content\/uploads\/2018\/01\/Hias-Denis.jpg 800w, https:\/\/gs-ig-bayern-opf.de\/wordpress\/wp-content\/uploads\/2018\/01\/Hias-Denis-300x169.jpg 300w, https:\/\/gs-ig-bayern-opf.de\/wordpress\/wp-content\/uploads\/2018\/01\/Hias-Denis-768x432.jpg 768w, https:\/\/gs-ig-bayern-opf.de\/wordpress\/wp-content\/uploads\/2018\/01\/Hias-Denis-213x120.jpg 213w\" sizes=\"(max-width: 800px) 100vw, 800px\" \/><\/a><\/p>\n","protected":false},"excerpt":{"rendered":"<p>24. GS Treffen vom 23.6. bis 25.6.2017 Das nun schon zum 24. Mal stattfindende GS \u2013 Treffen wurde diesmal in Odenheim abgehalten. Ausrichter waren die \u201eEinzelk\u00e4mpfer\u201c Gabi und Arnold Heck. Ort war das Motocrossgel\u00e4nde des ans\u00e4ssigen MSC`s. Bei sch\u00f6nem Wetter fuhren wir Freitags los, und ohne Zwischenf\u00e4lle erreichten wir \u00fcber Landstra\u00dfe das Ziel. Abends wurde wie immer bis sp\u00e4t in die Nacht gefeiert, und auch einige \u201eVerlorene Utensilien\u201c wurden gegen Biergeld wieder an die Besitzer \u00fcbergeben. Samstags gab es dann einen Wettbewerb mit einem Hindernisparcour, ebenfalls eine sch\u00f6ne Ausfahrt in einem Weinberg mit selbstangelegter Sternwarte bei extrem hei\u00dfem Wetter. Abends dann Pokalverleihung, mit der Bekanntgabe des Veranstalters f\u00fcr 2018. Dies wird zum Jubil\u00e4umstreffen, das nun schon seit 25 Jahren stattfindet, die GS IG Nord in Drangstedt ausrichten. Sonntags ging es dann wieder bei ebenfalls super Wetter gen Heimat. Wir freuen uns schon auf n\u00e4chstes Jahr\u2026\u2026.<\/p>\n","protected":false},"author":1,"featured_media":0,"parent":19,"menu_order":0,"comment_status":"closed","ping_status":"closed","template":"","meta":{"ngg_post_thumbnail":0,"footnotes":""},"acf":[],"_links":{"self":[{"href":"https:\/\/gs-ig-bayern-opf.de\/index.php?rest_route=\/wp\/v2\/pages\/928"}],"collection":[{"href":"https:\/\/gs-ig-bayern-opf.de\/index.php?rest_route=\/wp\/v2\/pages"}],"about":[{"href":"https:\/\/gs-ig-bayern-opf.de\/index.php?rest_route=\/wp\/v2\/types\/page"}],"author":[{"embeddable":true,"href":"https:\/\/gs-ig-bayern-opf.de\/index.php?rest_route=\/wp\/v2\/users\/1"}],"replies":[{"embeddable":true,"href":"https:\/\/gs-ig-bayern-opf.de\/index.php?rest_route=%2Fwp%2Fv2%2Fcomments&post=928"}],"version-history":[{"count":1,"href":"https:\/\/gs-ig-bayern-opf.de\/index.php?rest_route=\/wp\/v2\/pages\/928\/revisions"}],"predecessor-version":[{"id":931,"href":"https:\/\/gs-ig-bayern-opf.de\/index.php?rest_route=\/wp\/v2\/pages\/928\/revisions\/931"}],"up":[{"embeddable":true,"href":"https:\/\/gs-ig-bayern-opf.de\/index.php?rest_route=\/wp\/v2\/pages\/19"}],"wp:attachment":[{"href":"https:\/\/gs-ig-bayern-opf.de\/index.php?rest_route=%2Fwp%2Fv2%2Fmedia&parent=928"}],"curies":[{"name":"wp","href":"https:\/\/api.w.org\/{rel}","templated":true}]}}