{"id":15,"date":"2015-02-18T20:21:38","date_gmt":"2015-02-18T20:21:38","guid":{"rendered":"http:\/\/gs-ig-bayern-opf.de\/wordpress\/?page_id=15"},"modified":"2015-02-18T20:21:38","modified_gmt":"2015-02-18T20:21:38","slug":"mir-san-mir","status":"publish","type":"page","link":"https:\/\/gs-ig-bayern-opf.de\/?page_id=15","title":{"rendered":"Mir san Mir!"},"content":{"rendered":"<p><b>Spruch \u00fcber uns Oberpf\u00e4lzer:<\/b><br \/>\nMir san mir, mir san mir,<br \/>\nmir san st\u00e4rka wia die Stier,<br \/>\nmir san st\u00e4rka wia die Baam,<br \/>\nwallma Obapf\u00e4lza san!<\/p>\n<p>F\u00fcr alle, die unserer Sprache nicht m\u00e4chtig sind,<br \/>\nkommt hier die \u00dcbersetzung ins Hochdeutsche:<br \/>\nWir sind wir, wir sind wir,<br \/>\nwir sind st\u00e4rker als der Stier<br \/>\nwir sind st\u00e4rker als ein Baum,<br \/>\nweil wir Oberpf\u00e4lzer sind!<\/p>\n<hr \/>\n<p><b>Gr\u00fcndung der GS-IG-Bayern-Oberpfalz<\/b><\/p>\n<p>\u2026 oder wie alles begann \u2026<\/p>\n<p>Als vermeintlich einziger aktiver GS-Fahrer im oberpf\u00e4lzer bzw. mittelbayerischen Raum fuhr ich (Hias) die ganzen Jahre allein auf die GS-Treffen im ganzen Lande, ehe ich rein zuf\u00e4llig \u00fcber\u2019s Internet den Karsten (ACE) kennenlernte, der sage und schreibe ganze 25 km von mir wegwohnt. Telefonate hin und her, gesagt, getan \u2013 war das n\u00e4chste GS-Treffen ausgemacht und wir fuhren 2005 das erste Mal zu zweit aus unserer Region etwa 750 km bis nach Drangstedt. Dort wurde in Feierlaune gleich das 13. GS-Treffen in Bayern an Land gezogen, das vom 16.-18. Juni 2006 in Freihung stattfindet. Zuhause angekommen, gelang es uns tats\u00e4chlich noch einige \u201eVerr\u00fcckte\u201c Leute zu \u00fcberzeugen, dass die GS das einzig wahre Kult-Motorrad ist und so kam dann noch der Mike und sp\u00e4ter der Achim und der Bernie dazu. Durch einen Motorradwechsel von Mike ist dann auch der Tobi \u2013 unser j\u00fcngstes Mitglied \u2013 in den Genuss einer GS gekommen.<br \/>\nAlso was sollte man mit 6 aktiven GS-Fahrern anstellen \u2013 na klar \u2013 jetzt muss es sein, die GS-IG-Bayern-Oberpfalz wurde im Juli 2005 im Esszimmer von Karsten und Christine bei Bier und Waffeln gegr\u00fcndet.<br \/>\nSeitdem treffen wir uns regelm\u00e4\u00dfig zum Erfahrungsaustausch, Benzingeplauder und nat\u00fcrlich, um das Treffen und was sonst noch dazugeh\u00f6rt, vorzubereiten.<\/p>\n<p>Im August dann unser erstes Highlight: der Achim [Jackl] als unser Webmaster und PR-Manager hat unsere eigene Homepage auf die Beine gestellt, auf die wir m\u00e4chtig stolz sein d\u00fcrfen. Nat\u00fcrlich ist alles noch im Aufbau- bzw. Anfangsstadium, aber es braucht halt Zeit, bis s\u00e4mtliche Darstellungen und Fotos fertig sind. Zumindest ist eine erste \u00f6ffentliche Plattform bereits gegeben.<\/p>\n<p>Wir freuen uns alle auf unser diesj\u00e4hriges Treffen und versuchen nat\u00fcrlich, alles zur Zufriedenheit zu organisieren und hoffen auf sehr zahlreiches Erscheinen der GS-Fraktion.<\/p>\n","protected":false},"excerpt":{"rendered":"<p>Spruch \u00fcber uns Oberpf\u00e4lzer: Mir san mir, mir san mir, mir san st\u00e4rka wia die Stier, mir san st\u00e4rka wia die Baam, wallma Obapf\u00e4lza san! F\u00fcr alle, die unserer Sprache nicht m\u00e4chtig sind, kommt hier die \u00dcbersetzung ins Hochdeutsche: Wir sind wir, wir sind wir, wir sind st\u00e4rker als der Stier wir sind st\u00e4rker als ein Baum, weil wir Oberpf\u00e4lzer sind! Gr\u00fcndung der GS-IG-Bayern-Oberpfalz \u2026 oder wie alles begann \u2026 Als vermeintlich einziger aktiver GS-Fahrer im oberpf\u00e4lzer bzw. mittelbayerischen Raum fuhr ich (Hias) die ganzen Jahre allein auf die GS-Treffen im ganzen Lande, ehe ich rein zuf\u00e4llig \u00fcber\u2019s Internet den Karsten (ACE) kennenlernte, der sage und schreibe ganze 25 km von mir wegwohnt. Telefonate hin und her, gesagt, getan \u2013 war das n\u00e4chste GS-Treffen ausgemacht und wir fuhren 2005 das erste Mal zu zweit aus unserer Region etwa 750 km bis nach Drangstedt. Dort wurde in Feierlaune gleich das 13. GS-Treffen in Bayern an Land gezogen, das vom 16.-18. Juni 2006 in Freihung stattfindet. Zuhause angekommen, gelang es uns tats\u00e4chlich noch einige \u201eVerr\u00fcckte\u201c Leute zu \u00fcberzeugen, dass die GS das einzig wahre Kult-Motorrad ist und so kam dann noch der Mike und sp\u00e4ter der Achim und der Bernie dazu. Durch [&hellip;]<\/p>\n","protected":false},"author":1,"featured_media":0,"parent":0,"menu_order":0,"comment_status":"closed","ping_status":"closed","template":"","meta":{"ngg_post_thumbnail":0,"footnotes":""},"acf":[],"_links":{"self":[{"href":"https:\/\/gs-ig-bayern-opf.de\/index.php?rest_route=\/wp\/v2\/pages\/15"}],"collection":[{"href":"https:\/\/gs-ig-bayern-opf.de\/index.php?rest_route=\/wp\/v2\/pages"}],"about":[{"href":"https:\/\/gs-ig-bayern-opf.de\/index.php?rest_route=\/wp\/v2\/types\/page"}],"author":[{"embeddable":true,"href":"https:\/\/gs-ig-bayern-opf.de\/index.php?rest_route=\/wp\/v2\/users\/1"}],"replies":[{"embeddable":true,"href":"https:\/\/gs-ig-bayern-opf.de\/index.php?rest_route=%2Fwp%2Fv2%2Fcomments&post=15"}],"version-history":[{"count":1,"href":"https:\/\/gs-ig-bayern-opf.de\/index.php?rest_route=\/wp\/v2\/pages\/15\/revisions"}],"predecessor-version":[{"id":16,"href":"https:\/\/gs-ig-bayern-opf.de\/index.php?rest_route=\/wp\/v2\/pages\/15\/revisions\/16"}],"wp:attachment":[{"href":"https:\/\/gs-ig-bayern-opf.de\/index.php?rest_route=%2Fwp%2Fv2%2Fmedia&parent=15"}],"curies":[{"name":"wp","href":"https:\/\/api.w.org\/{rel}","templated":true}]}}